{"id":614,"date":"2022-02-03T14:56:32","date_gmt":"2022-02-03T13:56:32","guid":{"rendered":"http:\/\/virtual.stereotec.com\/wordpress\/?page_id=614"},"modified":"2022-02-08T10:56:09","modified_gmt":"2022-02-08T09:56:09","slug":"faq-2","status":"publish","type":"page","link":"https:\/\/virtual.stereotec.com\/wordpress\/faq-2\/","title":{"rendered":"4_FAQ"},"content":{"rendered":"<div class=\"section-full-width section-dark parallax-fixed shadow\" style=\"background-color:#1D4873;\" id=\"section-faq\"><div style=\"background-image:url(https:\/\/virtual.stereotec.com\/wordpress\/wp-content\/uploads\/2022\/02\/faq.jpg); opacity:0.3; filter: alpha(opacity=30);\" class=\"full-bg-image\" ><\/div><div class=\"section-boxed\" style=\"color:#ffffff;\"><h2 class=\"section-title\" style=\"color:#ffffff;\">FAQ<\/h2><h4 style=\"color:#ffffff;\" class=\"sub-title\">Frequently Asked Questions<\/h4><p><\/p>\n<\/div><\/div>\n<div class=\"section-full-width section-dark parallax-fixed\" style=\"background-color:#fcfcfc;\" id=\"allgemein\"><div class=\"section-boxed\" style=\"color:#000000;\"><h2 class=\"section-title\" style=\"color:#2f77a0;\">Allgemein<\/h2><div class=\"accordion-container accordion-all-closed\"><div class=\"accordion-title\">Was ist der virtuelle Gespr\u00e4chspartner?<span class=\"ac-indicator\"><\/span><\/div><div class=\"pane\"><\/p>\n<p>Der virtuelle Gespr\u00e4chspartner ist ein digitales Ebenbild einer Person, welches in Echtzeit auf individuell gestellte Fragen mit zuvor aufgezeichneten Antworten reagiert. Das digitale Ebenbild kann beispielsweise auf Bildschirmen, 3D-Screens, Video-Installationen oder als Hologramme gezeigt werden.<\/p>\n<p>Beispiel: Eine lebensgro\u00dfe 3D-Projektion einer politisch bekannten Pers\u00f6nlichkeit beantwortet Besuchern des Deutschen Bundestages ihre individuellen Fragen.<\/p>\n<p><div class=\"clear\"><\/div><\/div> <div class=\"accordion-title\">Wie funktioniert der virtuelle Gespr\u00e4chspartner?<span class=\"ac-indicator\"><\/span><\/div><div class=\"pane\"><\/p>\n<p><span style=\"font-weight: 400;\">Aus einer Vielzahl von voraufgezeichneten Antworten eines Gespr\u00e4chspartners entsteht ein Videokatalog, an den Ihre Frage mit Hilfe einer Spracherkennung \u00fcbertragen wird. Im Videokatalog wird die passende Antwort herausgesucht und der virtuelle Gespr\u00e4chspartner spricht mit Ihnen.<\/span><\/p>\n<p>Durch die neueste stereoskopische Aufnahme- und Wiedergabetechnik wird ein realit\u00e4tsnaher Eindruck erreicht, der die Grenzen zwischen <em>Echt<\/em> und <em>Virtuell<\/em> verschwimmen l\u00e4sst.<\/p>\n<p><div class=\"clear\"><\/div><\/div> <div class=\"accordion-title\">Wie echt sieht der virtuelle Gespr\u00e4chspartner aus?<span class=\"ac-indicator\"><\/span><\/div><div class=\"pane\"><\/p>\n<p>Durch den Einsatz neuerster 3D-Technologie beeindruckt der virtuelle Gespr\u00e4chspartner mit einer unmittelbaren Pr\u00e4senz, als w\u00e4re es ein pers\u00f6nlicher Dialog von Angesicht zu Angesicht. Aufgrund des virtuellen Erlebens bleibt dennoch eine gewisse Distanz, die es Ihnen erleichtert (auch unangenehme) Fragen zu stellen.<\/p>\n<p>Der virtuelle Gespr\u00e4chspartner ist ein digitales Ebenbild des Gespr\u00e4chspartners bei der Aufnahme. Die <em>Echtheit\u00a0<\/em>bzw. die <em>Realit\u00e4tsn\u00e4he<\/em> kann je nach gew\u00e4hlter Wiedergabe-Plattform und -Gr\u00f6\u00dfe gew\u00e4hlt werden und imitiert im Fall einer stereoskopischen 3D-Wiedergabe den Realismus eines Vier-Augen-Gespr\u00e4chs.<\/p>\n<p><div class=\"clear\"><\/div><\/div> <div class=\"accordion-title\">In welchen Bereichen kann der virtuelle Gespr\u00e4chspartner eingesetzt werden?<span class=\"ac-indicator\"><\/span><\/div><div class=\"pane\"><\/p>\n<p>Der virtuelle Gespr\u00e4chspartner kann \u00fcberall da eingesetzt werden, wo ein pers\u00f6nliches Gespr\u00e4ch w\u00fcnschenswert w\u00e4re, aber kaum m\u00f6glich w\u00e4re.<\/p>\n<p>Unsere Kunden sind beispielsweise aus den Bereichen der<\/p>\n<ul>\n<li style=\"list-style-type: none;\">\n<ul>\n<li style=\"list-style-type: none;\">\n<ul>\n<li>Forschung: Universit\u00e4ten<\/li>\n<li>Bildung: Schulen, Museen<\/li>\n<li>Freizeit: Museen<\/li>\n<li>Wirtschaft: Firmen<\/li>\n<\/ul>\n<\/li>\n<\/ul>\n<\/li>\n<\/ul>\n<p>Daraus ergeben sich virtuelle Gespr\u00e4chspartner, wie z.B.<\/p>\n<ul>\n<li style=\"list-style-type: none;\">\n<ul>\n<li style=\"list-style-type: none;\">\n<ul>\n<li>Zeitzeugen<\/li>\n<li>Informationsgeber<\/li>\n<li>Prominente Pers\u00f6nlichkeiten<\/li>\n<li>Reenactment historischer Pers\u00f6nlichkeiten<\/li>\n<\/ul>\n<\/li>\n<\/ul>\n<\/li>\n<\/ul>\n<p><div class=\"clear\"><\/div><\/div> <div class=\"accordion-title\">Welche Anwendungsgebiete gibt es f\u00fcr den virtuellen Gespr\u00e4chspartner?<span class=\"ac-indicator\"><\/span><\/div><div class=\"pane\"><\/p>\n<p>Die Einsatzm\u00f6glichkeiten sind vielseitig: Lassen Sie Ihrer Kreativit\u00e4t freien Lauf.<\/p>\n<p>Hier ein paar Beispiele aus umgesetzten und geplanten Projekten:<\/p>\n<ul>\n<li style=\"list-style-type: none;\">\n<ul>\n<li style=\"list-style-type: none;\">\n<ul>\n<li>Lernen mit digitalen Zeugnissen<\/li>\n<li>Ludwig II f\u00fchrt durch Neuschwanstein<\/li>\n<li>Helpdesk Terminal<\/li>\n<li>Interaktives FAQ<\/li>\n<\/ul>\n<\/li>\n<\/ul>\n<\/li>\n<\/ul>\n<p><div class=\"clear\"><\/div><\/div> <div class=\"accordion-title\">Welche Sprachen spricht ein virtueller Gespr\u00e4chspartner?<span class=\"ac-indicator\"><\/span><\/div><div class=\"pane\"><\/p>\n<p>Im Prinzip kann der virtuelle Gespr\u00e4chspartner jede Sprache sprechen, die auch sein echtes Vorbild spricht &#8211; bzw. im Rahmen der Antworten-Aufzeichnung aufnimmt.<\/p>\n<p>Da die Fragen inklusive deren Variationen, der Antwortenkatalog und die Spracherkennung aufeinander abgestimmt sein m\u00fcssen, steht der virtuelle Gespr\u00e4chspartner zun\u00e4chst in Deutsch und Englisch zur Verf\u00fcgung. Weitere Sprachen k\u00f6nnen angefragt werden.<\/p>\n<p><div class=\"clear\"><\/div><\/div> <div class=\"accordion-title\">Was kostet ein virtueller Gespr\u00e4chspartner?<span class=\"ac-indicator\"><\/span><\/div><div class=\"pane\"><\/p>\n<p>Das kommt darauf an, wie umfangreich der virtuelle Gespr\u00e4chspartner sein soll. Am besten sprechen Sie uns bezgl. Ihres Projektes direkt an, dann k\u00f6nnen wir Ihnen eine Absch\u00e4tzung des Preises je nach Umfang nennen&#8230;<\/p>\n<p><div class=\"clear\"><\/div><\/div><\/div>\n<p>\n<\/div><\/div>\n<div class=\"section-full-width section-dark parallax-fixed\" style=\"background-color:#fcfcfc;\" id=\"aufzeichnung\"><div class=\"section-boxed\" style=\"color:#000000;\"><h2 class=\"section-title\" style=\"color:#2f77a0;\">Aufzeichnung<\/h2><div class=\"accordion-container accordion-all-closed\"> <div class=\"accordion-title\">Wie viele Antworten sind notwendig um einen realistischen Eindruck zu bekommen?<span class=\"ac-indicator\"><\/span><\/div><div class=\"pane\"><\/p>\n<p>Je mehr Fragen im Vorfeld beantwortet werden, desto realistischer wird der Gespr\u00e4chseindruck. Ein Minimum von 200 Antworten sollte auf jeden Fall aufgezeichnet werden. Wir empfehlen pro Gespr\u00e4chspartner zwischen 400 und 1.000 vordefinierte Fragen.<\/p>\n<p><div class=\"clear\"><\/div><\/div> <div class=\"accordion-title\">Wie viele Fragen k\u00f6nnen pro Tag gestellt werden?<span class=\"ac-indicator\"><\/span><\/div><div class=\"pane\"><\/p>\n<p>Pro Drehtag ist eine Aufzeichnung von ca. 200-300 Antworten m\u00f6glich. Dies ist nat\u00fcrlich nur ein Richtwert, da das Aufzeichnungspensum auch von Ihrem Gespr\u00e4chspartner abh\u00e4ngt bzw. davon, wie ausf\u00fchrlich die Antworten sind.<\/p>\n<p><div class=\"clear\"><\/div><\/div> <div class=\"accordion-title\">Wie lange dauert das Erstellen eines interaktiven Gespr\u00e4chspartners?<span class=\"ac-indicator\"><\/span><\/div><div class=\"pane\"><\/p>\n<p>Ein guter Richtwert f\u00fcr die Aufzeichnung der Antworten ist ein Pensum von 200 Fragen pro Drehtag.<\/p>\n<p>Die Dauer der Postproduktion ist abh\u00e4ngig vom Umfang (Anzahl und L\u00e4nge) der aufgezeichneten Antworten und der gew\u00fcnschten Wiedergabe-Plattform. Wir werden im Vorfeld mit Ihnen einen Zeitplan erstellen, der sich je nach Projekt von wenigen Tagen bis auf mehrere Wochen erstrecken kann.<\/p>\n<p><div class=\"clear\"><\/div><\/div> <div class=\"accordion-title\">Wo wird der virtuelle Gespr\u00e4chspartner erstellt?<span class=\"ac-indicator\"><\/span><\/div><div class=\"pane\"><\/p>\n<p>Unsere Firma ist in der N\u00e4he von M\u00fcnchen angesiedelt. Dort befindet sich der Hauptsitz und dort wird auch die Postproduktion (Nachbearbeitung des Videomaterials) durchgef\u00fchrt. Die Aufnahmen (Aufzeichnung der Antworten) k\u00f6nnen ebenfalls hier in unserem Studio stattfinden.\u00a0Wir kommen aber gerne auch zur Aufzeichnung zu Ihnen. Dazu ist ein passendes Studio n\u00f6tig oder ein gr\u00f6\u00dferer Raum, in dem wir die Infrastruktur f\u00fcr die Dreharbeiten aufbauen k\u00f6nnen.<\/p>\n<p>Das virtuelle Gespr\u00e4ch muss nicht in einem Studio stattfinden. Die Wahl des Aufnahmeortes steht v\u00f6llig frei und ist anpassbar an die gew\u00fcnschte Wiedergabe-Plattform.<\/p>\n<p>&nbsp;<\/p>\n<p><div class=\"clear\"><\/div><\/div> <div class=\"accordion-title\">Kann der Service auch vor Ort gemietet werden?<span class=\"ac-indicator\"><\/span><\/div><div class=\"pane\"><\/p>\n<p>Die Aufzeichnung der Antworten kann auch bei Ihnen vor Ort stattfinden &#8211; Unsere Spezialisten kommen mit unserer Technik gerne zu Ihnen.<\/p>\n<p>Der Service-vor-Ort kann f\u00fcr Sie u.a. von Vorteil sein, wenn der aufzuzeichnende Gespr\u00e4chspartner nicht reisebereit ist oder Sie einen individuellen Gespr\u00e4chsort (beispielsweise in Ihrer Firma) f\u00fcr den virtuellen Gespr\u00e4chspartner w\u00fcnschen.<\/p>\n<p><div class=\"clear\"><\/div><\/div> <div class=\"accordion-title\">Mit welcher Kamera wird der virtuelle Gespr\u00e4chspartner aufgezeichnet?<span class=\"ac-indicator\"><\/span><\/div><div class=\"pane\"><\/p>\n<p>Die Aufzeichnung der Antworten erfolgt derzeit stereoskopisch (in 3D) mit zwei ARRI Alexa Mini Kameras auf einem STEREOTEC Light Weight Rig. F\u00fcr die Aufnahmen werden mindestens 50 Bilder die Sekunde (max. m\u00f6glich 100fps) in UHD (hoher Bildaufnahmefrequenz) aufgezeichnet.<\/p>\n<p><div class=\"clear\"><\/div><\/div> <div class=\"accordion-title\">Ist der virtuelle Gespr\u00e4chspartner immer in 3D?<span class=\"ac-indicator\"><\/span><\/div><div class=\"pane\"><\/p>\n<p>Wir empfehlen grunds\u00e4tzlich eine stereoskopische (3D) Aufnahme, da damit ein wesentlich realistischerer Eindruck erzielt wird. Eine Aufzeichnung in 3D ist immer abw\u00e4rtskompatibel zu 2D &#8211; die 2D-Version ist also ein Nebenprodukt der 3D-Aufnahme und damit automatisch bei einer 3D-Aufnahme inbegriffen &#8211; dies erm\u00f6glicht somit das volle Auswertungsspektrum vom lebensgro\u00dfen 3D-Monitor bis zur parallel angebotenen Internetversion.<\/p>\n<p>Je nach Anwendungsfall oder Wiedergabe-Plattform kann der virtuelle Gespr\u00e4chspartner in 2D oder 3D &#8211; wahlweise auch umschaltbar &#8211; eingesetzt werden.<\/p>\n<p><div class=\"clear\"><\/div><\/div><\/div>\n<p>\n<\/div><\/div>\n<div class=\"section-full-width section-dark parallax-fixed\" style=\"background-color:#fcfcfc;\" id=\"glossar\"><div class=\"section-boxed\" style=\"color:#000000;\"><h2 class=\"section-title\" style=\"color:#2f77a0;\">Glossar<\/h2><\/p>\n<div class=\"accordion-container accordion-all-closed\"><div class=\"accordion-title\">Was ist der Fragenkatalog bzw. Fragevariationen?<span class=\"ac-indicator\"><\/span><\/div><div class=\"pane\"><\/p>\n<p>Als Fragenkatalog wird die Sammlung aller Fragen bezeichnet, die dem Gespr\u00e4chspartner bei der Aufnahme gestellt werden. Da der Anwender sp\u00e4ter die gleiche Frage mit alternativem Satzbau oder mit Synonymen stellen k\u00f6nnte, sind mehrere Variationen f\u00fcr den gesamten Fragenkatalog n\u00f6tig. Die Fragevariationen werden dem Gespr\u00e4chspartner bei der Aufnahme nicht gestellt, aber im Katalog hinterlegt. Einer Antwort sind somit zahlreiche Fragem\u00f6glichkeiten hinterlegt. Neue Variationen k\u00f6nnen laufend (auch im Nachhinein) hinzugef\u00fcgt werden.<\/p>\n<p>Beispiel aus dem Fragenkatalog (diese Frage wurde dem Gespr\u00e4chspartner zur Aufzeichnung der Antworten gestellt):<\/p>\n<ul>\n<li style=\"list-style-type: none;\">\n<ul>\n<li style=\"list-style-type: none;\">\n<ul>\n<li>&#8222;Wer sind Sie?&#8220;<\/li>\n<\/ul>\n<\/li>\n<\/ul>\n<\/li>\n<\/ul>\n<p>Beispiele aus den zugeh\u00f6rigen Fragevariationen:<\/p>\n<ul>\n<li style=\"list-style-type: none;\">\n<ul>\n<li style=\"list-style-type: none;\">\n<ul>\n<li>&#8222;Wer bist Du?&#8220;<\/li>\n<li>&#8222;Wie hei\u00dfen Sie?&#8220;<\/li>\n<li>&#8222;K\u00f6nnen Sie sich vorstellen?&#8220;<\/li>\n<\/ul>\n<\/li>\n<\/ul>\n<\/li>\n<\/ul>\n<p><div class=\"clear\"><\/div><\/div> <div class=\"accordion-title\">Was ist der Antwortenkatalog bzw. Videokatalog?<span class=\"ac-indicator\"><\/span><\/div><div class=\"pane\"><\/p>\n<p>Der Gespr\u00e4chspartner beantwortet vor laufender Kamera den gesamten Fragenkatalog. Das dabei entstandene Videomaterial wird aufbereitet und f\u00fcr jede Antwort entsteht anschlie\u00dfend ein separater Videoclip, der eindeutig dem Fragenkatalog zugeordnet werden kann.<\/p>\n<p>Die Sammlung dieser Videoclips wird Antworten- oder Videokatalog genannt. Stellt ein Anwender sp\u00e4ter dem virtuellen Gespr\u00e4chspartner eine Frage, so wird \u00fcber Spracherkennung nach dieser im Fragenkatalog gesucht. Hiermit findet ebenso die Zuordnung im Antwortenkatalog zum richtigen Videoclip statt, welcher anschlie\u00dfend auf der Wiedergabe-Plattform ausgegeben wird.<\/p>\n<p><div class=\"clear\"><\/div><\/div> <div class=\"accordion-title\">Was sind die Fallback Antworten<span class=\"ac-indicator\"><\/span><\/div><div class=\"pane\"><\/p>\n<p>Als Fallback Antworten wird all dies bezeichnet, was der virtuelle Gespr\u00e4chspartner antworten wird, wenn er auf die gestellte Frage keine passende Antwort parat hat oder die Spracheingabe nicht zugeordnet werden konnte. Beispiele hierf\u00fcr sind:<\/p>\n<ul>\n<li style=\"list-style-type: none;\">\n<ul>\n<li style=\"list-style-type: none;\">\n<ul>\n<li>&#8222;Ich habe Sie leider nicht verstanden&#8220;<\/li>\n<li>&#8222;Darauf habe ich leider keine Antwort&#8220;<\/li>\n<li>&#8222;Das k\u00f6nnen Sie auch auf Wikipedia nachschlagen&#8220;<\/li>\n<\/ul>\n<\/li>\n<\/ul>\n<\/li>\n<\/ul>\n<p><div class=\"clear\"><\/div><\/div> <div class=\"accordion-title\">Warum wird auch Small Talk aufgezeichnet?<span class=\"ac-indicator\"><\/span><\/div><div class=\"pane\"><\/p>\n<p>Der virtuelle Gespr\u00e4chspartner vermittelt ein sehr echtes Gef\u00fchl des Dialogs. Erfahrungsgem\u00e4\u00df stellen Anwender nach einiger Zeit auch fachfremde Fragen &#8211; entweder aus Interesse oder zum Austesten der Grenzen dieser Technologie. Beispiele hierf\u00fcr sind:<\/p>\n<ul>\n<li style=\"list-style-type: none;\">\n<ul>\n<li style=\"list-style-type: none;\">\n<ul>\n<li>&#8222;Wie geht es Ihnen?&#8220;<\/li>\n<li>&#8222;Welcher Tag ist heute?&#8220;<\/li>\n<li>&#8222;K\u00f6nnen Sie mich sehen?&#8220;<\/li>\n<li>&#8222;K\u00f6nnen Sie mir etwas vorsingen?&#8220;<\/li>\n<\/ul>\n<\/li>\n<\/ul>\n<\/li>\n<\/ul>\n<p>F\u00fcr all jene Fragen sind kreative Antworten gefragt, die &#8211; obwohl sie uneindeutig zu beantworten sind &#8211; den Anwender zufriedenstellen oder zum Schmunzeln bringen. Die oben aufgef\u00fchrten Small Talk Fragen k\u00f6nnten beispielsweise folgenderma\u00dfen beantwortet werden:<\/p>\n<ul>\n<li style=\"list-style-type: none;\">\n<ul>\n<li style=\"list-style-type: none;\">\n<ul>\n<li>&#8222;Danke, mir geht es sehr gut!&#8220;<\/li>\n<li>&#8222;Bei mir ist heute der 26. September und bei Ihnen?&#8220;<\/li>\n<li>&#8222;Leider nicht, weil ich mich in einem Studio befinde. Aber ich kann mir Sie gut vorstellen.&#8220;<\/li>\n<li>&#8222;Nat\u00fcrlich *singt&#8220; \/ &#8222;Das wollen Sie nicht wirklich h\u00f6ren! Mein Singen l\u00e4sst Glas springen.&#8220;<\/li>\n<\/ul>\n<\/li>\n<\/ul>\n<\/li>\n<\/ul>\n<p><div class=\"clear\"><\/div><\/div> <div class=\"accordion-title\">Was bedeutet S3D HFR UHD ?<span class=\"ac-indicator\"><\/span><\/div><div class=\"pane\"><\/p>\n<p>S3D \/ Stereo3D:<\/p>\n<ul>\n<li style=\"list-style-type: none;\">\n<ul>\n<li style=\"list-style-type: none;\">\n<ul>\n<li>Die dreidimensionale Aufnahme und Wiedergabe von Filmmaterial<\/li>\n<\/ul>\n<\/li>\n<\/ul>\n<\/li>\n<\/ul>\n<p>HFR \/ High Frame Rate:<\/p>\n<ul>\n<li style=\"list-style-type: none;\">\n<ul>\n<li style=\"list-style-type: none;\">\n<ul>\n<li>Erh\u00f6hte (&gt;24 fps) Bildfrequenz, die f\u00fcr eine realistischere Bewegungsaufl\u00f6sung bei Filmmaterial sorgt<\/li>\n<\/ul>\n<\/li>\n<\/ul>\n<\/li>\n<\/ul>\n<p>UHD \/ Ultra High Definition:<\/p>\n<ul>\n<li style=\"list-style-type: none;\">\n<ul>\n<li style=\"list-style-type: none;\">\n<ul>\n<li>Nachfolgestandard von Full HD mit einer Aufl\u00f6sung von\u00a03.840 x 2.160 Pixel<\/li>\n<\/ul>\n<\/li>\n<\/ul>\n<\/li>\n<\/ul>\n<p>Wir zeichnen unsere Gespr\u00e4chspartner mit einem STEREOTEC Light Weight Rig und zwei ARRI Alexa Mini Kameras auf.<\/p>\n<p>&nbsp;<\/p>\n<p><div class=\"clear\"><\/div><\/div><\/div>\n<p>\n<\/div><\/div>\n","protected":false},"excerpt":{"rendered":"","protected":false},"author":2,"featured_media":0,"parent":0,"menu_order":0,"comment_status":"closed","ping_status":"closed","template":"template-full-custom.php","meta":{"_uag_custom_page_level_css":"","footnotes":""},"class_list":["post-614","page","type-page","status-publish","hentry"],"uagb_featured_image_src":{"full":false,"thumbnail":false,"medium":false,"medium_large":false,"large":false,"1536x1536":false,"2048x2048":false,"woocommerce_thumbnail":false,"woocommerce_single":false,"woocommerce_gallery_thumbnail":false},"uagb_author_info":{"display_name":"Andreas Schmidbauer","author_link":"https:\/\/virtual.stereotec.com\/wordpress\/author\/aschmidbauer\/"},"uagb_comment_info":0,"uagb_excerpt":null,"_links":{"self":[{"href":"https:\/\/virtual.stereotec.com\/wordpress\/wp-json\/wp\/v2\/pages\/614","targetHints":{"allow":["GET"]}}],"collection":[{"href":"https:\/\/virtual.stereotec.com\/wordpress\/wp-json\/wp\/v2\/pages"}],"about":[{"href":"https:\/\/virtual.stereotec.com\/wordpress\/wp-json\/wp\/v2\/types\/page"}],"author":[{"embeddable":true,"href":"https:\/\/virtual.stereotec.com\/wordpress\/wp-json\/wp\/v2\/users\/2"}],"replies":[{"embeddable":true,"href":"https:\/\/virtual.stereotec.com\/wordpress\/wp-json\/wp\/v2\/comments?post=614"}],"version-history":[{"count":9,"href":"https:\/\/virtual.stereotec.com\/wordpress\/wp-json\/wp\/v2\/pages\/614\/revisions"}],"predecessor-version":[{"id":671,"href":"https:\/\/virtual.stereotec.com\/wordpress\/wp-json\/wp\/v2\/pages\/614\/revisions\/671"}],"wp:attachment":[{"href":"https:\/\/virtual.stereotec.com\/wordpress\/wp-json\/wp\/v2\/media?parent=614"}],"curies":[{"name":"wp","href":"https:\/\/api.w.org\/{rel}","templated":true}]}}