{"id":538,"date":"2022-02-03T10:37:47","date_gmt":"2022-02-03T09:37:47","guid":{"rendered":"http:\/\/virtual.stereotec.com\/wordpress\/?page_id=538"},"modified":"2022-02-03T10:39:41","modified_gmt":"2022-02-03T09:39:41","slug":"anwendung","status":"publish","type":"page","link":"https:\/\/virtual.stereotec.com\/wordpress\/anwendung\/","title":{"rendered":"3_Anwendung"},"content":{"rendered":"<div class=\"section-full-width section-dark parallax-fixed shadow\" style=\"background-color:#1D4873;\" id=\"anwendung\"><div style=\"background-image:url(https:\/\/virtual.stereotec.com\/wordpress\/wp-content\/uploads\/2022\/02\/Handy-e1643879595586.jpg); opacity:0.5; filter: alpha(opacity=50);\" class=\"full-bg-image\" ><\/div><div class=\"section-boxed\" style=\"color:#ffffff;\"><h2 class=\"section-title\" style=\"color:#ffffff;\">Anwendung<\/h2><h4 style=\"color:#ffffff;\" class=\"sub-title\">des interaktiven Gespr\u00e4chspartners<\/h4><p><\/p>\n<\/div><\/div>\n<div class=\"services-wrapper services-icon cols-wrapper cols-4 pexeto-parallax\"><div class=\"services-box col\"><a href=\"#\"><div class=\"img-container\"><img decoding=\"async\" src=\"http:\/\/virtual.stereotec.com\/wordpress\/wp-content\/uploads\/2015\/01\/185039-earth-globe-streamline-copy-130x130.png\" alt=\"Museum\"\/><\/div><\/a><div class=\"services-content\"><div class=\"sc-wraper\"><h3><a href=\"#\">Museum<\/a><\/h3><p> \t<li style=\"text-align: center;\"><span style=\"font-weight: 400;\">Historische Zusammenh\u00e4nge bei Zeitzeugen direkt erfragen<\/span><\/li>\r\n \t<li style=\"text-align: center;\"><span style=\"font-weight: 400;\">Gespr\u00e4che zu jeder Zeit mit prominenten Pers\u00f6nlichkeiten anbieten<\/span><\/li><\/p><\/div><\/div><\/div><div class=\"services-box col\"><a href=\"#\"><div class=\"img-container\"><img decoding=\"async\" src=\"http:\/\/virtual.stereotec.com\/wordpress\/wp-content\/uploads\/2015\/01\/185082-man-people-streamline-user-copy-130x130.png\" alt=\"Bildungseinrichtung\"\/><\/div><\/a><div class=\"services-content\"><div class=\"sc-wraper\"><h3><a href=\"#\">Bildungseinrichtung<\/a><\/h3><p> \t<li style=\"text-align: center;\"><span style=\"font-weight: 400;\">Spielerisch Lernen in Schulen<\/span><\/li>\r\n \t<li style=\"text-align: center;\"><span style=\"font-weight: 400;\">pers\u00f6nlicherer Austausch nach Online-Lektionen<\/span><\/li><\/p><\/div><\/div><\/div><div class=\"services-box col\"><a href=\"#\"><div class=\"img-container\"><img decoding=\"async\" src=\"http:\/\/virtual.stereotec.com\/wordpress\/wp-content\/uploads\/2015\/01\/185074-notebook-streamline-copy-130x130.png\" alt=\"Helpdesk\"\/><\/div><\/a><div class=\"services-content\"><div class=\"sc-wraper\"><h3><a href=\"#\">Helpdesk<\/a><\/h3><p> \t<li style=\"text-align: center;\"><span style=\"font-weight: 400;\">F\u00fcr jede Frage, die richtige Antwort<\/span><\/li>\r\n \t<li style=\"text-align: center;\"><span style=\"font-weight: 400;\">Computern ein Gesicht und eine Stimme verleihen<\/span><\/li><\/p><\/div><\/div><\/div><div class=\"services-box col nomargin\"><div class=\"img-container\"><img decoding=\"async\" src=\"http:\/\/virtual.stereotec.com\/wordpress\/wp-content\/uploads\/2015\/01\/185027-computer-network-streamline-copy-130x130.png\" alt=\"Online Auftritt\"\/><\/div><div class=\"services-content\"><div class=\"sc-wraper\"><h3>Online Auftritt<\/h3><p> \t<li style=\"text-align: center;\"><span style=\"font-weight: 400;\">Interaktives FAQ<\/span><\/li>\r\n \t<li style=\"text-align: center;\"><span style=\"font-weight: 400;\"><span style=\"font-weight: 400;\"><span style=\"font-weight: 400;\">Beyond-the-Show mit weiterf\u00fchrenden Gespr\u00e4chsrunden<\/span><\/span><\/span><\/li><\/p><\/div><\/div><\/div><div class=\"clear\"><\/div><\/div>\n<div class=\"section-full-width section-dark parallax-fixed shadow\" style=\"background-color:#1D4873;\" id=\"wiedergabe\"><div style=\"background-image:url(https:\/\/virtual.stereotec.com\/wordpress\/wp-content\/uploads\/2022\/02\/Handy-e1643879595586.jpg); opacity:0.5; filter: alpha(opacity=50);\" class=\"full-bg-image\" ><\/div><div class=\"section-boxed\" style=\"color:#ffffff;\"><h2 class=\"section-title\" style=\"color:#ffffff;\">Wiedergabe<\/h2><h4 style=\"color:#ffffff;\" class=\"sub-title\">des interaktiven Gespr\u00e4chspartners<\/h4><p><\/p>\n<\/div><\/div>\n<h5 style=\"text-align: center;\">Auf Anwenderseite gibt es folgende Ausgabe-Optionen bzw. Wiedergabe-Plattformen:<\/h5>\n<div class=\"services-wrapper services-boxed-photo cols-wrapper cols-4\"><div class=\"services-title-box col\"><h2>Beispiele<\/h2><p> Kombinationen aus diesen M\u00f6glichkeiten und weiteren Wiedergabesystemen sind m\u00f6glich. Eine 3D Wiedergabe wird empfohlen und kann sowohl autostereoskopisch (ohne Brillen) erfolgen als auch \u00fcber Shutter-, Pol- oder Anaglyph-Systeme - abh\u00e4ngig vom gew\u00e4hlten Pr\u00e4sentationssystem.. <\/p><a href=\"#\" class=\"read-more\">Learn More<span class=\"more-arrow\">&rsaquo;<\/span><\/a><\/div><div class=\"services-box col\"><a href=\"#\"><div class=\"img-container\"><img decoding=\"async\" src=\"http:\/\/virtual.stereotec.com\/wordpress\/wp-content\/uploads\/2022\/02\/Icon-Flexibel-1.jpg\" alt=\"Flexibles Endger\u00e4t\"\/><\/div><\/a><div class=\"services-content\"><div class=\"sc-wraper\"><h3><a href=\"#\">Flexibles Endger\u00e4t<\/a><\/h3><p><ul>\r\n \t<li style=\"list-style-type: none;\">\r\n<ul>\r\n \t<li style=\"list-style-type: none;\">\r\n<ul>\r\n \t<li>Leinwand Projektion (3D)<strong>\r\n<\/strong><\/li>\r\n \t<li>TV Bildschirm (3D)<\/li>\r\n \t<li>Computer Monitor<\/li>\r\n<\/ul><\/p><\/div><\/div><\/div><div class=\"services-box col\"><a href=\"#\"><div class=\"img-container\"><img decoding=\"async\" src=\"http:\/\/virtual.stereotec.com\/wordpress\/wp-content\/uploads\/2022\/02\/Icon-Mobil-2.jpg\" alt=\"Mobiles Endger\u00e4t\"\/><\/div><\/a><div class=\"services-content\"><div class=\"sc-wraper\"><h3><a href=\"#\">Mobiles Endger\u00e4t<\/a><\/h3><p><ul>\r\n \t<li style=\"list-style-type: none;\">\r\n<ul>\r\n \t<li style=\"list-style-type: none;\">\r\n<ul>\r\n \t<li>Android App<strong>\r\n<\/strong><\/li>\r\n \t<li>Internet Browser<\/li><\/p><\/div><\/div><\/div><div class=\"services-box col nomargin\"><a href=\"#\"><div class=\"img-container\"><img decoding=\"async\" src=\"http:\/\/virtual.stereotec.com\/wordpress\/wp-content\/uploads\/2022\/01\/Anwendung_3.png\" alt=\"Verbautes Endger\u00e4t\"\/><\/div><\/a><div class=\"services-content\"><div class=\"sc-wraper\"><h3><a href=\"#\">Verbautes Endger\u00e4t<\/a><\/h3><p><ul>\r\n \t<li style=\"list-style-type: none;\">\r\n<ul>\r\n \t<li style=\"list-style-type: none;\">\r\n<ul>\r\n \t<li>Interaktive Installation (3D)<strong>\r\n<\/strong><\/li>\r\n \t<li>Hologramm<\/li>\r\n \t<li>Automat<\/li>\r\n<\/ul>\r\n<\/li><\/p><\/div><\/div><\/div><div class=\"clear\"><\/div><\/div>\n<div class=\"services-wrapper services-fullbox cols-wrapper cols-2\" style=\"background-color:#1A3954;color:#ffffff;\"><div class=\"services-box col services-no-image\"><div class=\"services-content\"><div class=\"sc-wraper\"><h3>Ihr Kontakt: Florian Maier<\/h3><p>Florian Maier begann bereits Mitte der Neunziger sich intensiv mit der Gestaltung von 3D Filmen auseinander zu setzen. Als Senior Stereographer war er fu\u0308r die dreidimensionale Gestaltung von Filmen wie \"Wickie auf gro\u00dfer Fahrt\" (Constantin Film \/ Rat Pack), \"Ha\u0308nsel und Gretel: Hexenja\u0308ger\" (Paramount Pictures), \"Return of Viy\" (Russian Film Group), \"Big Jump 3D\" (Sigma Film) sowie Werbefilmen fu\u0308r Firmen wie VOLKSWAGEN, RED BULL oder SONY und zahlreichen Kurzfilmen verantwortlich. Florian Maier wurde bisher mit insgesamt 11 \"Lumiere Awards for Outstanding Achievement\" von der International 3D Society in Hollywood ausgezeichnet.<\/p><\/div><\/div><\/div><div class=\"services-box col nomargin services-no-image\"><div class=\"services-content\"><div class=\"sc-wraper\"><h3><a href=\"https:\/\/www.lediz.uni-muenchen.de\/index.html\" target=\"_blank\">Demo Projekt: LeDiZ<\/a><\/h3><p>Im M\u00fcnchner Projekt \u201eLediZ\u201c (Lernen mit digitalen Zeugnissen) werden deutschsprachige interaktive 3D-Zeugnisse von \u00dcberlebenden der nationalsozialistischen Gewaltverbrechen erstellt. Solche Formen der Visualisierung sind umgangssprachlich auch als \u201eHologramme\u201c bekannt.\r\n\r\nAm Leibniz-Rechenzentrum der Bayerischen Akademie der Wissenschaften haben Nutzer(innen) die M\u00f6glichkeit, sich mit der Lebensgeschichte der \u00dcberlebenden vertraut zu machen und den interaktiven Zeugnissen Fragen zu stellen.\r\n\r\nDer Einsatz dieser digitalen Zeugnisse im Bildungskontext wird variantenreich erforscht, wobei immer wieder die Frage zu stellen ist: \u201eWas hat das mit mir zu tun?\u201c<\/p><\/div><\/div><\/div><div class=\"clear\"><\/div><\/div>\n","protected":false},"excerpt":{"rendered":"<p>Auf Anwenderseite gibt es folgende Ausgabe-Optionen bzw. Wiedergabe-Plattformen:<\/p>\n","protected":false},"author":2,"featured_media":0,"parent":0,"menu_order":0,"comment_status":"closed","ping_status":"closed","template":"template-full-custom.php","meta":{"_uag_custom_page_level_css":"","footnotes":""},"class_list":["post-538","page","type-page","status-publish","hentry"],"uagb_featured_image_src":{"full":false,"thumbnail":false,"medium":false,"medium_large":false,"large":false,"1536x1536":false,"2048x2048":false,"woocommerce_thumbnail":false,"woocommerce_single":false,"woocommerce_gallery_thumbnail":false},"uagb_author_info":{"display_name":"Andreas Schmidbauer","author_link":"https:\/\/virtual.stereotec.com\/wordpress\/author\/aschmidbauer\/"},"uagb_comment_info":0,"uagb_excerpt":"Auf Anwenderseite gibt es folgende Ausgabe-Optionen bzw. Wiedergabe-Plattformen:","_links":{"self":[{"href":"https:\/\/virtual.stereotec.com\/wordpress\/wp-json\/wp\/v2\/pages\/538","targetHints":{"allow":["GET"]}}],"collection":[{"href":"https:\/\/virtual.stereotec.com\/wordpress\/wp-json\/wp\/v2\/pages"}],"about":[{"href":"https:\/\/virtual.stereotec.com\/wordpress\/wp-json\/wp\/v2\/types\/page"}],"author":[{"embeddable":true,"href":"https:\/\/virtual.stereotec.com\/wordpress\/wp-json\/wp\/v2\/users\/2"}],"replies":[{"embeddable":true,"href":"https:\/\/virtual.stereotec.com\/wordpress\/wp-json\/wp\/v2\/comments?post=538"}],"version-history":[{"count":2,"href":"https:\/\/virtual.stereotec.com\/wordpress\/wp-json\/wp\/v2\/pages\/538\/revisions"}],"predecessor-version":[{"id":543,"href":"https:\/\/virtual.stereotec.com\/wordpress\/wp-json\/wp\/v2\/pages\/538\/revisions\/543"}],"wp:attachment":[{"href":"https:\/\/virtual.stereotec.com\/wordpress\/wp-json\/wp\/v2\/media?parent=538"}],"curies":[{"name":"wp","href":"https:\/\/api.w.org\/{rel}","templated":true}]}}