{"id":5,"date":"2015-01-20T00:39:24","date_gmt":"2015-01-20T00:39:24","guid":{"rendered":"http:\/\/pexetothemes.com\/demos\/story_demos\/business\/?page_id=5"},"modified":"2022-02-04T19:25:17","modified_gmt":"2022-02-04T18:25:17","slug":"home","status":"publish","type":"page","link":"https:\/\/virtual.stereotec.com\/wordpress\/","title":{"rendered":"1_Home"},"content":{"rendered":"<div class=\"section-full-width section-light2\" style=\"background-color:#f7f7f7;\" id=\"dervirtuellegespr\u00e4chspartner\"><div class=\"section-boxed\" style=\"color:#777777;\"><h2 class=\"section-title\" style=\"color:#252525;\">Der virtuelle Gespr\u00e4chspartner<\/h2><\/p>\n<h5 style=\"text-align: left;\">Stellen Sie sich vor, Sie k\u00f6nnten mit jeder interessanten Person auf der Welt ein pers\u00f6nliches Gespr\u00e4ch f\u00fchren. Zu jeder Zeit. Unabh\u00e4ngig davon, ob diese Person beispielsweise eine ber\u00fchmte Pers\u00f6nlichkeit aus dem Zeitgeschehen oder eine andere Person mit einem spannenden Thema ist. Der Interaktive Gespr\u00e4chspartner macht dies m\u00f6glich. Eine Vielzahl von voraufgezeichneten Antworten eines Gespr\u00e4chspartners erweckt dessen virtuelles Ebenbild zum Leben. \u00dcber Spracherkennung wird Ihre Frage an einen Videokatalog \u00fcbertragen, dort die passende Antwort herausgesucht und direkt abgespielt &#8211; der virtuelle Gespr\u00e4chspartner spricht mit Ihnen.\u00a0Durch den Einsatz neuerster 3D-Technologie beeindruckt der virtuelle Gespr\u00e4chspartner mit einer unmittelbaren Pr\u00e4senz, als w\u00e4re es ein pers\u00f6nlicher Dialog von Angesicht zu Angesicht. Aufgrund des virtuellen Erlebens bleibt dennoch eine gewisse Distanz, die es Ihnen erleichtert (auch unangenehme) Fragen zu stellen.<\/h5>\n<h5><\/h5>\n<div class=\"services-wrapper services-icon cols-wrapper cols-3\"><div class=\"services-box col\"><div class=\"img-container\"><img decoding=\"async\" src=\"http:\/\/virtual.stereotec.com\/wordpress\/wp-content\/uploads\/2015\/01\/185094-settings-streamline-copy.png\" alt=\"SUPPORT \/ INFORMATION\"\/><\/div><div class=\"services-content\"><div class=\"sc-wraper\"><h3>SUPPORT \/ INFORMATION<\/h3><p>Geben Sie Ihrem Helpdesk-Automaten eine menschliche Seite oder gestalten Sie ihre FAQs pers\u00f6nlicher.<\/p><\/div><\/div><\/div><div class=\"services-box col\"><div class=\"img-container\"><img decoding=\"async\" src=\"http:\/\/virtual.stereotec.com\/wordpress\/wp-content\/uploads\/2015\/01\/185082-man-people-streamline-user-copy.png\" alt=\"BILDUNG \/ WISSEN\"\/><\/div><div class=\"services-content\"><div class=\"sc-wraper\"><h3>BILDUNG \/ WISSEN<\/h3><p>Geben Sie dem Lern-Erlebnis mehr N\u00e4he und eine pers\u00f6nliche Note mit einer individuellen Fragerunde an die Experten im Anschluss des Online-Seminars. \r\n\r\nKonservieren Sie Interviews der letzten noch verbleibenden Zeitzeugen oder befragen Sie das digitale Ebenbild von Prominenten. <\/p><\/div><\/div><\/div><div class=\"services-box col nomargin\"><div class=\"img-container\"><img decoding=\"async\" src=\"http:\/\/virtual.stereotec.com\/wordpress\/wp-content\/uploads\/2015\/01\/185027-computer-network-streamline-copy.png\" alt=\"WERBUNG \/ SALES\"\/><\/div><div class=\"services-content\"><div class=\"sc-wraper\"><h3>WERBUNG \/ SALES<\/h3><p>Interaktive Installationen werden Ihre Kunden auf jeder Messe begeistern. Ein noch nie dagewesenes immersives Erlebnis.<\/p><\/div><\/div><\/div><div class=\"services-box col nomargin services-no-content services-no-image\"><div class=\"services-content\"><div class=\"sc-wraper\"><\/div><\/div><\/div><div class=\"clear\"><\/div><\/div>\n<p>\n<\/div><\/div>\n<div class=\"pexeto-recent-posts rp-list\"><h3 class=\"rp-title\">Neuigkeiten<\/h3><ul><li><span class=\"rp-date\">25. Februar 2022<\/span><div class=\"rp-info\"><h3><a href=\"https:\/\/virtual.stereotec.com\/wordpress\/2022\/02\/25\/produkt-demo-video\/\" data-hover=\"Produkt Demo (Video)\">Produkt Demo (Video)<\/a><\/h3><\/div><span class=\"rp-cat\"><a href=\"https:\/\/virtual.stereotec.com\/wordpress\/category\/video\/\">Video<\/a><\/span><\/li><li><span class=\"rp-date\">8. August 2021<\/span><div class=\"rp-info\"><h3><a href=\"https:\/\/virtual.stereotec.com\/wordpress\/2021\/08\/08\/making-of-zilli-schmidt-lediz-ii\/\" data-hover=\"Making Of: Zilli Schmidt (LediZ II)\">Making Of: Zilli Schmidt (LediZ II)<\/a><\/h3><\/div><span class=\"rp-cat\"><a href=\"https:\/\/virtual.stereotec.com\/wordpress\/category\/projekt\/\">Projekt<\/a> \/ <a href=\"https:\/\/virtual.stereotec.com\/wordpress\/category\/video\/\">Video<\/a><\/span><\/li><li><span class=\"rp-date\">1. Juli 2021<\/span><div class=\"rp-info\"><h3><a href=\"https:\/\/virtual.stereotec.com\/wordpress\/2021\/07\/01\/improving-your-organizational-skills\/\" data-hover=\"Dreharbeiten in Mannheim\">Dreharbeiten in Mannheim<\/a><\/h3><\/div><span class=\"rp-cat\"><a href=\"https:\/\/virtual.stereotec.com\/wordpress\/category\/projekt\/\">Projekt<\/a><\/span><\/li><li><span class=\"rp-date\">26. M\u00e4rz 2021<\/span><div class=\"rp-info\"><h3><a href=\"https:\/\/virtual.stereotec.com\/wordpress\/2021\/03\/26\/lediz-produkt-demo\/\" data-hover=\"LediZ - Produkt Demo\">LediZ - Produkt Demo<\/a><\/h3><\/div><span class=\"rp-cat\"><a href=\"https:\/\/virtual.stereotec.com\/wordpress\/category\/projekt\/\">Projekt<\/a> \/ <a href=\"https:\/\/virtual.stereotec.com\/wordpress\/category\/video\/\">Video<\/a><\/span><\/li><\/ul><\/div>\n<div class=\"services-wrapper services-fullbox cols-wrapper cols-4\" style=\"background-color:#304151;color:#ffffff;\"><div class=\"services-box col services-no-image\"><div class=\"services-content\"><div class=\"sc-wraper\"><h3><a href=\"http:\/\/virtual.stereotec.com\/wordpress\/workflow\/#1\">Stellen Sie sich vor, Sie k\u00f6nnen mit Jedem sprechen.<\/a><\/h3><\/div><\/div><\/div><div class=\"services-box col services-no-content\"><a href=\"http:\/\/virtual.stereotec.com\/wordpress\/workflow\/#6\"><div class=\"img-container\"><img decoding=\"async\" src=\"http:\/\/virtual.stereotec.com\/wordpress\/wp-content\/uploads\/2022\/02\/queengreen.jpg\" alt=\"\"\/><\/div><\/a><div class=\"services-content\"><div class=\"sc-wraper\"><\/div><\/div><\/div><div class=\"services-box col services-no-content\"><a href=\"http:\/\/virtual.stereotec.com\/wordpress\/workflow\/#6\"><div class=\"img-container\"><img decoding=\"async\" src=\"http:\/\/virtual.stereotec.com\/wordpress\/wp-content\/uploads\/2022\/02\/Gotts1-Kopie-scaled.jpg\" alt=\"\"\/><\/div><\/a><div class=\"services-content\"><div class=\"sc-wraper\"><\/div><\/div><\/div><div class=\"services-box col nomargin services-no-image\"><div class=\"services-content\"><div class=\"sc-wraper\"><h3><a href=\"http:\/\/virtual.stereotec.com\/wordpress\/workflow\/#1\"> Was wollten Sie einen Promi schon immer mal fragen?<\/a><\/h3><\/div><\/div><\/div><div class=\"services-box col nomargin services-no-content services-no-image\"><div class=\"services-content\"><div class=\"sc-wraper\"><\/div><\/div><\/div><div class=\"clear\"><\/div><\/div>\n<div class=\"section-full-width section-light\" style=\"background-color:#ffffff;\" id=\"section-1\"><div class=\"section-boxed\" style=\"color:#777777;\"><h4 style=\"color:#252525;\" class=\"sub-title\">Das sagen unsere Kunden<\/h4><div class=\"testimonial-slider\" data-autoplay=\"true\"><div class=\"testimonial-container\"><div class=\"testimonial-wrapper\"><div class=\"testimonial-info\"><img decoding=\"async\" class=\"img-frame testimonial-img\" src=\"http:\/\/virtual.stereotec.com\/wordpress\/wp-content\/uploads\/2022\/01\/markusgloe-150x150.jpg\" alt=\"Prof. Dr. Markus Gloe\" \/><div class=\"testimonials-details\"><h2>Prof. Dr. Markus Gloe<\/h2><span>Lehreinheit Politische Bildung und Didaktik der Sozialkunde \/ <a href=\"https:\/\/www.gsi.uni-muenchen.de\/personen\/professoren\/gloe\/index.html\">Ludwig-Maximilians-Universit\u00e4t M\u00fcnchen<\/a><\/span><\/div><\/div><blockquote><p>Ich sch\u00e4tze die Zusammenarbeit mit STEREOTEC sehr, vor allem die Professionalit\u00e4t die an den Tag gelegt wird, aber auf der anderen Seite auch vor allem die Identifikation mit dem Projekt selber. Man merkt hier, dass es nicht nur eine Dienstleistung ist, sondern dass der Firma und den Mitarbeitenden das Projekt selber eine Herzensangelegenheit ist.<\/p><\/blockquote><\/div><\/div><div class=\"testimonial-container\"><div class=\"testimonial-wrapper\"><div class=\"testimonial-info\"><img decoding=\"async\" class=\"img-frame testimonial-img\" src=\"http:\/\/virtual.stereotec.com\/wordpress\/wp-content\/uploads\/2022\/01\/1280px-Uwe_Neumaerker_Juni_2017-e1643195842161-150x150.jpg\" alt=\"Uwe Neum\u00e4rker\" \/><div class=\"testimonials-details\"><h2>Uwe Neum\u00e4rker<\/h2><span>Direktor \/ <a href=\"https:\/\/www.stiftung-denkmal.de\/\">Stiftung Denkmal<\/a><\/span><\/div><\/div><blockquote><p>Die Art und Weise wie Zilli \u00fcber den V\u00f6lkermord spricht aber auch \u00fcber ihren Kampf wird junge Menschen erreichen. Bei diesen Projekt hoffen wir neue Zielgruppen zu erreichen um dieses Thema - den V\u00f6lkermord an den Sinti und Roma - an eine breitere \u00d6ffentlichkeit zu bringen. <\/p><\/blockquote><\/div><\/div><\/div>\n<\/div><\/div>\n<div class=\"section-full-width section-light parallax-fixed\" style=\"background-color:#304151;\" id=\"section-2\"><div style=\"background-image:url(https:\/\/virtual.stereotec.com\/wordpress\/wp-content\/uploads\/2022\/01\/Wiedergabe_001.jpg); opacity:0.2; filter: alpha(opacity=20);\" class=\"full-bg-image\" ><\/div><div class=\"section-boxed\" style=\"color:#CCCCCC;\"><\/p>\n<div class=\"cols-wrapper cols-2\">\n<div class=\"col\">\n<h3><span style=\"color: #ffffff;\"><strong>Wir bieten<\/strong><\/span><\/h3>\n<p><span style=\"color: #ffffff;\">die Erstellung eines einzigarten INTERAKTIVEN GESPR\u00c4CHSPARTNERS:<\/span><\/p>\n<ul>\n<li><span style=\"color: #ffffff;\">Archivierung von immersiven Zeitzeugen Interviews<\/span><\/li>\n<li><span style=\"color: #ffffff;\">Zug\u00e4nglichmachung von unereichbaren Pers\u00f6nlichkkeiten<\/span><\/li>\n<li><span style=\"color: #ffffff;\">Reenactment historischer Gr\u00f6\u00dfen<\/span><\/li>\n<li><span style=\"color: #ffffff;\">Individueller Helpdesk<\/span><\/li>\n<li><span style=\"color: #ffffff;\">Lebendiges FAQ auf Ihrer Internetpr\u00e4senz<\/span><\/li>\n<\/ul>\n<p><span style=\"color: #ffffff;\"><a class=\"button\" style=\"color: #ffffff;\" href=\"https:\/\/virtual.stereotec.com\/wordpress\/anwendung\/\">Mehr dazu<\/a><\/span><\/p>\n<\/div>\n<div class=\"col nomargin\">\n<h3><span style=\"color: #ffffff;\"><strong>Dies beinhaltet<\/strong><\/span><\/h3>\n<p><span style=\"color: #ffffff;\">den kompletten Service auf dem Weg zum Endprodukt:<\/span><\/p>\n<ul>\n<li><span style=\"color: #ffffff;\">Betreuung bei der Erstellung des Fragenkatalogs inkl. Variationen<\/span><\/li>\n<li><span style=\"color: #ffffff;\">Aufzeichnung der Antworten in 4K HFR s3D<\/span><\/li>\n<li><span style=\"color: #ffffff;\">Bearbeitung der Videos und Integration in Ihre Infrastruktur<\/span><\/li>\n<li><span style=\"color: #ffffff;\">Beratung zu den Auswertungsm\u00f6glichkeiten<\/span><\/li>\n<li><span style=\"color: #ffffff;\">Installation und Betreuung der Wiedergabeplattform<\/span><\/li>\n<\/ul>\n<p><span style=\"color: #ffffff;\"><a class=\"button\" style=\"color: #ffffff;\" href=\"https:\/\/virtual.stereotec.com\/wordpress\/funktion\/#2\">Mehr dazu<\/a><\/span><\/p>\n<\/div>\n<\/div>\n<p>\n<\/div><\/div>\n","protected":false},"excerpt":{"rendered":"","protected":false},"author":2,"featured_media":0,"parent":0,"menu_order":0,"comment_status":"open","ping_status":"open","template":"template-full-custom.php","meta":{"_uag_custom_page_level_css":"","footnotes":""},"class_list":["post-5","page","type-page","status-publish","hentry"],"uagb_featured_image_src":{"full":false,"thumbnail":false,"medium":false,"medium_large":false,"large":false,"1536x1536":false,"2048x2048":false,"woocommerce_thumbnail":false,"woocommerce_single":false,"woocommerce_gallery_thumbnail":false},"uagb_author_info":{"display_name":"Andreas Schmidbauer","author_link":"https:\/\/virtual.stereotec.com\/wordpress\/author\/aschmidbauer\/"},"uagb_comment_info":0,"uagb_excerpt":null,"_links":{"self":[{"href":"https:\/\/virtual.stereotec.com\/wordpress\/wp-json\/wp\/v2\/pages\/5","targetHints":{"allow":["GET"]}}],"collection":[{"href":"https:\/\/virtual.stereotec.com\/wordpress\/wp-json\/wp\/v2\/pages"}],"about":[{"href":"https:\/\/virtual.stereotec.com\/wordpress\/wp-json\/wp\/v2\/types\/page"}],"author":[{"embeddable":true,"href":"https:\/\/virtual.stereotec.com\/wordpress\/wp-json\/wp\/v2\/users\/2"}],"replies":[{"embeddable":true,"href":"https:\/\/virtual.stereotec.com\/wordpress\/wp-json\/wp\/v2\/comments?post=5"}],"version-history":[{"count":10,"href":"https:\/\/virtual.stereotec.com\/wordpress\/wp-json\/wp\/v2\/pages\/5\/revisions"}],"predecessor-version":[{"id":660,"href":"https:\/\/virtual.stereotec.com\/wordpress\/wp-json\/wp\/v2\/pages\/5\/revisions\/660"}],"wp:attachment":[{"href":"https:\/\/virtual.stereotec.com\/wordpress\/wp-json\/wp\/v2\/media?parent=5"}],"curies":[{"name":"wp","href":"https:\/\/api.w.org\/{rel}","templated":true}]}}